{"id":2685,"date":"2025-07-22T12:16:24","date_gmt":"2025-07-22T09:16:24","guid":{"rendered":"https:\/\/gargzdaibasketball.lt\/?page_id=2685"},"modified":"2025-12-28T19:44:49","modified_gmt":"2025-12-28T17:44:49","slug":"komanda","status":"publish","type":"page","link":"https:\/\/gargzdaibasketball.lt\/en\/komanda\/","title":{"rendered":"Komanda"},"content":{"rendered":"<div class=\"wpb-content-wrapper\"><div class=\"vc_row wpb_row vc_row-fluid\"><div class=\"wpb_column vc_column_container vc_col-sm-12\"><div class=\"vc_column-inner\"><div class=\"wpb_wrapper\"><div class=\"vc_empty_space\"   style=\"height: 32px\"><span class=\"vc_empty_space_inner\"><\/span><\/div>\n\t<div class=\"wpb_text_column wpb_content_element\" >\n\t\t<div class=\"wpb_wrapper\">\n\t\t\t<div class=\"sportspress\"><h4 class=\"sp-table-caption\">Garg\u017edai Basketball<\/h4><div class=\"sp-template sp-template-player-list\"><div class=\"sp-table-wrapper\"><table class=\"sp-player-list sp-data-table sp-sortable-table sp-responsive-table playerlist_69e2b979ac68a sp-scrollable-table sp-paginated-table\" data-sp-rows=\"10\"><thead><tr><th class=\"data-name\">\u017daid\u0117jas<\/th><\/tr><\/thead><tbody><tr class=\"odd\"><td class=\"data-name\" data-label=\"\u017daid\u0117jas\"><a href=\"https:\/\/gargzdaibasketball.lt\/en\/player\/ethan-chargois\/\">Ethan Chargois<\/a><\/td><\/tr><tr class=\"even\"><td class=\"data-name\" data-label=\"\u017daid\u0117jas\"><a href=\"https:\/\/gargzdaibasketball.lt\/en\/player\/trey-pulliam\/\">Trey Pulliam<\/a><\/td><\/tr><tr class=\"odd\"><td class=\"data-name\" data-label=\"\u017daid\u0117jas\"><a href=\"https:\/\/gargzdaibasketball.lt\/en\/player\/daryl-doualla\/\">Daryl Doualla<\/a><\/td><\/tr><tr class=\"even\"><td class=\"data-name\" data-label=\"\u017daid\u0117jas\"><a href=\"https:\/\/gargzdaibasketball.lt\/en\/player\/karolis-giedraitis\/\">Karolis Giedraitis<\/a><\/td><\/tr><tr class=\"odd\"><td class=\"data-name\" data-label=\"\u017daid\u0117jas\"><a href=\"https:\/\/gargzdaibasketball.lt\/en\/player\/jaylon-pipkins\/\">Jalon Pipkins<\/a><\/td><\/tr><tr class=\"even\"><td class=\"data-name\" data-label=\"\u017daid\u0117jas\"><a href=\"https:\/\/gargzdaibasketball.lt\/en\/player\/nojus-mineikis\/\">Nojus Mineikis<\/a><\/td><\/tr><tr class=\"odd\"><td class=\"data-name\" data-label=\"\u017daid\u0117jas\"><a href=\"https:\/\/gargzdaibasketball.lt\/en\/player\/tadas-augustauskas\/\">Tadas Augustauskas<\/a><\/td><\/tr><tr class=\"even\"><td class=\"data-name\" data-label=\"\u017daid\u0117jas\"><a href=\"https:\/\/gargzdaibasketball.lt\/en\/player\/justin-turner\/\">Justin Turner<\/a><\/td><\/tr><tr class=\"odd\"><td class=\"data-name\" data-label=\"\u017daid\u0117jas\"><a href=\"https:\/\/gargzdaibasketball.lt\/en\/player\/deividas-gailius\/\">Deividas Gailius<\/a><\/td><\/tr><tr class=\"even\"><td class=\"data-name\" data-label=\"\u017daid\u0117jas\"><a href=\"https:\/\/gargzdaibasketball.lt\/en\/player\/benas-griciunas\/\">-<\/a><\/td><\/tr><tr class=\"odd\"><td class=\"data-name\" data-label=\"\u017daid\u0117jas\"><a href=\"https:\/\/gargzdaibasketball.lt\/en\/player\/laurynas-vaistaras\/\">Laurynas Vai\u0161taras<\/a><\/td><\/tr><tr class=\"even\"><td class=\"data-name\" data-label=\"\u017daid\u0117jas\"><a href=\"https:\/\/gargzdaibasketball.lt\/en\/player\/martins-meiers\/\">M\u0101rti\u0146\u0161 Meiers<\/a><\/td><\/tr><\/tbody><\/table><\/div><\/div><\/div>\n\n\t\t<\/div>\n\t<\/div>\n<\/div><\/div><\/div><\/div><div class=\"vc_row wpb_row vc_row-fluid\"><div class=\"wpb_column vc_column_container vc_col-sm-12\"><div class=\"vc_column-inner\"><div class=\"wpb_wrapper\"><div class=\"vc_empty_space\"   style=\"height: 32px\"><span class=\"vc_empty_space_inner\"><\/span><\/div>\n<div class=\"stm-tabs-wrap\">\n\t\t<ul class=\"nav nav-tabs\">\n\t\t<li class=\"active\"><a class=\"heading-font\" data-toggle=\"tab\" href=\"#tab_id_69e2b979ae21e\">Treneriai<\/a><\/li>\t<\/ul>\n\t<div class=\"tab-content tab-content-wrapp\">\n\t\t<div id=\"tab_id_69e2b979ae21e\" class=\"tab-pane fade in active\"><span class=\"tab-content\">Vyr. treneris &#8211; Tomas Rinkevi\u010dius<br \/>\nAsistentas &#8211; Vidas Ginevi\u010dius<br \/>\nAsistentas &#8211; Lukas Aleksandravi\u010dius<br \/>\nFizinio rengimo treneris &#8211; Robertinas Vilimas<\/span><\/div>\n\t<\/div>\n<\/div><\/div><\/div><\/div><\/div>\n<\/div>","protected":false},"excerpt":{"rendered":"Garg\u017edai Basketball\u017daid\u0117jasEthan ChargoisTrey PulliamDaryl DouallaKarolis GiedraitisJalon PipkinsNojus MineikisTadas AugustauskasJustin TurnerDeividas Gailius-Laurynas Vai\u0161tarasM\u0101rti\u0146\u0161 Meiers Treneriai Vyr. treneris &#8211; Tomas Rinkevi\u010dius Asistentas &#8211; Vidas Ginevi\u010dius Asistentas &#8211; Lukas Aleksandravi\u010dius Fizinio rengimo treneris &#8211; Robertinas Vilimas","protected":false},"author":1,"featured_media":2583,"parent":0,"menu_order":0,"comment_status":"closed","ping_status":"closed","template":"","meta":{"footnotes":""},"class_list":["post-2685","page","type-page","status-publish","has-post-thumbnail","hentry"],"_links":{"self":[{"href":"https:\/\/gargzdaibasketball.lt\/en\/wp-json\/wp\/v2\/pages\/2685","targetHints":{"allow":["GET"]}}],"collection":[{"href":"https:\/\/gargzdaibasketball.lt\/en\/wp-json\/wp\/v2\/pages"}],"about":[{"href":"https:\/\/gargzdaibasketball.lt\/en\/wp-json\/wp\/v2\/types\/page"}],"author":[{"embeddable":true,"href":"https:\/\/gargzdaibasketball.lt\/en\/wp-json\/wp\/v2\/users\/1"}],"replies":[{"embeddable":true,"href":"https:\/\/gargzdaibasketball.lt\/en\/wp-json\/wp\/v2\/comments?post=2685"}],"version-history":[{"count":11,"href":"https:\/\/gargzdaibasketball.lt\/en\/wp-json\/wp\/v2\/pages\/2685\/revisions"}],"predecessor-version":[{"id":3754,"href":"https:\/\/gargzdaibasketball.lt\/en\/wp-json\/wp\/v2\/pages\/2685\/revisions\/3754"}],"wp:featuredmedia":[{"embeddable":true,"href":"https:\/\/gargzdaibasketball.lt\/en\/wp-json\/wp\/v2\/media\/2583"}],"wp:attachment":[{"href":"https:\/\/gargzdaibasketball.lt\/en\/wp-json\/wp\/v2\/media?parent=2685"}],"curies":[{"name":"wp","href":"https:\/\/api.w.org\/{rel}","templated":true}]}}