{"id":2718,"date":"2025-07-22T22:39:23","date_gmt":"2025-07-22T19:39:23","guid":{"rendered":"https:\/\/gargzdaibasketball.lt\/?page_id=2718"},"modified":"2025-12-28T19:39:49","modified_gmt":"2025-12-28T17:39:49","slug":"dubleriai","status":"publish","type":"page","link":"https:\/\/gargzdaibasketball.lt\/en\/dubleriai\/","title":{"rendered":"Dubleriai"},"content":{"rendered":"<div class=\"wpb-content-wrapper\"><div class=\"vc_row wpb_row vc_row-fluid\"><div class=\"wpb_column vc_column_container vc_col-sm-12\"><div class=\"vc_column-inner\"><div class=\"wpb_wrapper\"><div class=\"vc_empty_space\"   style=\"height: 55px\"><span class=\"vc_empty_space_inner\"><\/span><\/div>\n\t<div class=\"wpb_text_column wpb_content_element\" >\n\t\t<div class=\"wpb_wrapper\">\n\t\t\t<div class=\"sportspress\"><h4 class=\"sp-table-caption\">Garg\u017edai-SC<\/h4><div class=\"sp-template sp-template-player-list\"><div class=\"sp-table-wrapper\"><table class=\"sp-player-list sp-data-table sp-sortable-table sp-responsive-table playerlist_69e178174162b sp-scrollable-table sp-paginated-table\" data-sp-rows=\"10\"><thead><tr><th class=\"data-name\">\u017daid\u0117jas<\/th><th class=\"data-position\">Pozicija<\/th><\/tr><\/thead><tbody><tr class=\"odd\"><td class=\"data-name\" data-label=\"\u017daid\u0117jas\"><a href=\"https:\/\/gargzdaibasketball.lt\/en\/player\/laimonas-remeikis\/\">Laimonas Remeikis<\/a><\/td><td class=\"data-position\" data-label=\"Pozicija\">Puol\u0117jas<\/td><\/tr><tr class=\"even\"><td class=\"data-name\" data-label=\"\u017daid\u0117jas\"><a href=\"https:\/\/gargzdaibasketball.lt\/en\/player\/deinas-kuodys\/\">Deinas Kuodys<\/a><\/td><td class=\"data-position\" data-label=\"Pozicija\">Puol\u0117jas<\/td><\/tr><tr class=\"odd\"><td class=\"data-name\" data-label=\"\u017daid\u0117jas\"><a href=\"https:\/\/gargzdaibasketball.lt\/en\/player\/matas-gervinas\/\">Matas Gervinas<\/a><\/td><td class=\"data-position\" data-label=\"Pozicija\">Gyn\u0117jas<\/td><\/tr><tr class=\"even\"><td class=\"data-name\" data-label=\"\u017daid\u0117jas\"><a href=\"https:\/\/gargzdaibasketball.lt\/en\/player\/nikita-sokolov\/\">Nikita Sokolov<\/a><\/td><td class=\"data-position\" data-label=\"Pozicija\">Gyn\u0117jas<\/td><\/tr><tr class=\"odd\"><td class=\"data-name\" data-label=\"\u017daid\u0117jas\"><a href=\"https:\/\/gargzdaibasketball.lt\/en\/player\/jokubas-draksas\/\">Jok\u016bbas Drak\u0161as<\/a><\/td><td class=\"data-position\" data-label=\"Pozicija\">Gyn\u0117jas<\/td><\/tr><tr class=\"even\"><td class=\"data-name\" data-label=\"\u017daid\u0117jas\"><a href=\"https:\/\/gargzdaibasketball.lt\/en\/player\/ugnius-gervinas\/\">Ugnius Gervinas<\/a><\/td><td class=\"data-position\" data-label=\"Pozicija\">Gyn\u0117jas<\/td><\/tr><tr class=\"odd\"><td class=\"data-name\" data-label=\"\u017daid\u0117jas\"><a href=\"https:\/\/gargzdaibasketball.lt\/en\/player\/tadas-augustauskas\/\">Tadas Augustauskas<\/a><\/td><td class=\"data-position\" data-label=\"Pozicija\">Gyn\u0117jas<\/td><\/tr><tr class=\"even\"><td class=\"data-name\" data-label=\"\u017daid\u0117jas\"><a href=\"https:\/\/gargzdaibasketball.lt\/en\/player\/arvydas-toliusis\/\">Arvydas Toliu\u0161is<\/a><\/td><td class=\"data-position\" data-label=\"Pozicija\">Puol\u0117jas<\/td><\/tr><tr class=\"odd\"><td class=\"data-name\" data-label=\"\u017daid\u0117jas\"><a href=\"https:\/\/gargzdaibasketball.lt\/en\/player\/paulius-piktuizis\/\">Paulius Piktui\u017eis<\/a><\/td><td class=\"data-position\" data-label=\"Pozicija\">Gyn\u0117jas<\/td><\/tr><tr class=\"even\"><td class=\"data-name\" data-label=\"\u017daid\u0117jas\"><a href=\"https:\/\/gargzdaibasketball.lt\/en\/player\/aidas-virsilas\/\">Aidas Vir\u0161ilas<\/a><\/td><td class=\"data-position\" data-label=\"Pozicija\">Gyn\u0117jas<\/td><\/tr><tr class=\"odd\"><td class=\"data-name\" data-label=\"\u017daid\u0117jas\"><a href=\"https:\/\/gargzdaibasketball.lt\/en\/player\/edgaras-preibys\/\">Edgaras Preibys<\/a><\/td><td class=\"data-position\" data-label=\"Pozicija\">Puol\u0117jas<\/td><\/tr><tr class=\"even\"><td class=\"data-name\" data-label=\"\u017daid\u0117jas\"><a href=\"https:\/\/gargzdaibasketball.lt\/en\/player\/aringas-brazauskas\/\">Aringas Brazauskas<\/a><\/td><td class=\"data-position\" data-label=\"Pozicija\">Centras<\/td><\/tr><tr class=\"odd\"><td class=\"data-name\" data-label=\"\u017daid\u0117jas\"><a href=\"https:\/\/gargzdaibasketball.lt\/en\/player\/lukas-polekauskas\/\">Lukas Polekauskas<\/a><\/td><td class=\"data-position\" data-label=\"Pozicija\">Centras<\/td><\/tr><\/tbody><\/table><\/div><\/div><\/div>\n\n\t\t<\/div>\n\t<\/div>\n<\/div><\/div><\/div><\/div><div class=\"vc_row wpb_row vc_row-fluid\"><div class=\"wpb_column vc_column_container vc_col-sm-12\"><div class=\"vc_column-inner\"><div class=\"wpb_wrapper\"><div class=\"vc-hoverbox-wrapper  vc-hoverbox-shape--rounded vc-hoverbox-align--center vc-hoverbox-direction--default vc-hoverbox-width--100\"  ontouchstart=\"\">\n  <div class=\"vc-hoverbox\">\n    <div class=\"vc-hoverbox-inner\">\n      <div class=\"vc-hoverbox-block vc-hoverbox-front\" style=\"background-image: url(https:\/\/gargzdaibasketball.lt\/wp-content\/uploads\/2025\/12\/TAD00374-1024x683.jpg);\">\n        <div class=\"vc-hoverbox-block-inner vc-hoverbox-front-inner\">\n            <h2 style=\"text-align:center\">Garg\u017edai-SC<\/h2>\n        <\/div>\n      <\/div>\n      <div class=\"vc-hoverbox-block vc-hoverbox-back\" style=\"background-color: #ebebeb;\">\n        <div class=\"vc-hoverbox-block-inner vc-hoverbox-back-inner\">\n            <h2 style=\"text-align:center\">Garg\u017edai-SC<\/h2>\n            <p>Garg\u017ed\u0173 dublerin\u0117 komanda \u0161iame sezone rungtyniauja Region\u0173 krep\u0161inio lygoje. Nam\u0173 rungtynes komanda \u017eaid\u017eia Garg\u017ed\u0173 arenoje bei Garg\u017ed\u0173 miesto sal\u0117je (Turgaus g. 14).<\/p>\n\n            \n        <\/div>\n      <\/div>\n    <\/div>\n  <\/div>\n<\/div><\/div><\/div><\/div><\/div>\n<\/div>","protected":false},"excerpt":{"rendered":"Garg\u017edai-SC\u017daid\u0117jasPozicijaLaimonas RemeikisPuol\u0117jasDeinas KuodysPuol\u0117jasMatas GervinasGyn\u0117jasNikita SokolovGyn\u0117jasJok\u016bbas Drak\u0161asGyn\u0117jasUgnius GervinasGyn\u0117jasTadas AugustauskasGyn\u0117jasArvydas Toliu\u0161isPuol\u0117jasPaulius Piktui\u017eisGyn\u0117jasAidas Vir\u0161ilasGyn\u0117jasEdgaras PreibysPuol\u0117jasAringas BrazauskasCentrasLukas PolekauskasCentras Garg\u017edai-SC Garg\u017edai-SC Garg\u017ed\u0173 dublerin\u0117 komanda \u0161iame sezone rungtyniauja Region\u0173 krep\u0161inio lygoje. Nam\u0173 rungtynes komanda \u017eaid\u017eia Garg\u017ed\u0173 arenoje bei Garg\u017ed\u0173 miesto sal\u0117je (Turgaus g. 14).","protected":false},"author":1,"featured_media":0,"parent":0,"menu_order":0,"comment_status":"closed","ping_status":"closed","template":"","meta":{"footnotes":""},"class_list":["post-2718","page","type-page","status-publish","hentry"],"_links":{"self":[{"href":"https:\/\/gargzdaibasketball.lt\/en\/wp-json\/wp\/v2\/pages\/2718","targetHints":{"allow":["GET"]}}],"collection":[{"href":"https:\/\/gargzdaibasketball.lt\/en\/wp-json\/wp\/v2\/pages"}],"about":[{"href":"https:\/\/gargzdaibasketball.lt\/en\/wp-json\/wp\/v2\/types\/page"}],"author":[{"embeddable":true,"href":"https:\/\/gargzdaibasketball.lt\/en\/wp-json\/wp\/v2\/users\/1"}],"replies":[{"embeddable":true,"href":"https:\/\/gargzdaibasketball.lt\/en\/wp-json\/wp\/v2\/comments?post=2718"}],"version-history":[{"count":13,"href":"https:\/\/gargzdaibasketball.lt\/en\/wp-json\/wp\/v2\/pages\/2718\/revisions"}],"predecessor-version":[{"id":3751,"href":"https:\/\/gargzdaibasketball.lt\/en\/wp-json\/wp\/v2\/pages\/2718\/revisions\/3751"}],"wp:attachment":[{"href":"https:\/\/gargzdaibasketball.lt\/en\/wp-json\/wp\/v2\/media?parent=2718"}],"curies":[{"name":"wp","href":"https:\/\/api.w.org\/{rel}","templated":true}]}}