{"id":4296,"date":"2026-05-10T15:05:20","date_gmt":"2026-05-10T12:05:20","guid":{"rendered":"https:\/\/gargzdaibasketball.lt\/lentele\/"},"modified":"2026-05-10T15:05:20","modified_gmt":"2026-05-10T12:05:20","slug":"lentele","status":"publish","type":"page","link":"https:\/\/gargzdaibasketball.lt\/en\/lentele\/","title":{"rendered":"Turnyrin\u0117 lentel\u0117"},"content":{"rendered":"<div class=\"grg-table-wrap\">\n      <table class=\"grg-table\">\n        <thead><tr><th>#<\/th><th>Komanda<\/th><th>\u017d<\/th><th>P<\/th><th>Pr<\/th><th>%<\/th><th>T\u0161k. vid.<\/th><\/tr><\/thead>\n        <tbody>\n                      <tr class=\"\">\n              <td>1<\/td>\n              <td class=\"grg-team-cell\">\n                <img decoding=\"async\" src=\"https:\/\/gargzdaibasketball.lt\/wp-content\/themes\/gargzdai-basketball-theme\/assets\/img\/teams\/zalgiris.svg\" alt=\"\u017dalgiris\" class=\"grg-team-logo\" onerror=\"this.style.display='none';this.nextElementSibling.style.display='inline-flex';\" \/><span class=\"grg-logo-fallback grg-logo-fallback-hidden\">\u017dal<\/span>                <span>\u017dalgiris<\/span>\n              <\/td>\n              <td>29<\/td>\n              <td>28<\/td>\n              <td>1<\/td>\n              <td>96.6<\/td>\n              <td>90.47 \/ 5.7<\/td>\n            <\/tr>\n                      <tr class=\"\">\n              <td>2<\/td>\n              <td class=\"grg-team-cell\">\n                <img decoding=\"async\" src=\"https:\/\/gargzdaibasketball.lt\/wp-content\/themes\/gargzdai-basketball-theme\/assets\/img\/teams\/rytas.svg\" alt=\"Rytas\" class=\"grg-team-logo\" onerror=\"this.style.display='none';this.nextElementSibling.style.display='inline-flex';\" \/><span class=\"grg-logo-fallback grg-logo-fallback-hidden\">Ryt<\/span>                <span>Rytas<\/span>\n              <\/td>\n              <td>30<\/td>\n              <td>19<\/td>\n              <td>11<\/td>\n              <td>63.3<\/td>\n              <td>91.88 \/ 4.6<\/td>\n            <\/tr>\n                      <tr class=\"\">\n              <td>3<\/td>\n              <td class=\"grg-team-cell\">\n                <img decoding=\"async\" src=\"https:\/\/gargzdaibasketball.lt\/wp-content\/themes\/gargzdai-basketball-theme\/assets\/img\/teams\/neptunas.svg\" alt=\"Nept\u016bnas\" class=\"grg-team-logo\" onerror=\"this.style.display='none';this.nextElementSibling.style.display='inline-flex';\" \/><span class=\"grg-logo-fallback grg-logo-fallback-hidden\">Nep<\/span>                <span>Nept\u016bnas<\/span>\n              <\/td>\n              <td>30<\/td>\n              <td>16<\/td>\n              <td>14<\/td>\n              <td>53.3<\/td>\n              <td>92.89 \/ 0.2<\/td>\n            <\/tr>\n                      <tr class=\"\">\n              <td>4<\/td>\n              <td class=\"grg-team-cell\">\n                <img decoding=\"async\" src=\"https:\/\/gargzdaibasketball.lt\/wp-content\/themes\/gargzdai-basketball-theme\/assets\/img\/teams\/siauliai.svg\" alt=\"\u0160iauliai\" class=\"grg-team-logo\" onerror=\"this.style.display='none';this.nextElementSibling.style.display='inline-flex';\" \/><span class=\"grg-logo-fallback grg-logo-fallback-hidden\">\u0160ia<\/span>                <span>\u0160iauliai<\/span>\n              <\/td>\n              <td>31<\/td>\n              <td>16<\/td>\n              <td>15<\/td>\n              <td>51.6<\/td>\n              <td>85.98 \/ 8.3<\/td>\n            <\/tr>\n                      <tr class=\"\">\n              <td>5<\/td>\n              <td class=\"grg-team-cell\">\n                <img decoding=\"async\" src=\"https:\/\/gargzdaibasketball.lt\/wp-content\/themes\/gargzdai-basketball-theme\/assets\/img\/teams\/lietkabelis.svg\" alt=\"Lietkabelis\" class=\"grg-team-logo\" onerror=\"this.style.display='none';this.nextElementSibling.style.display='inline-flex';\" \/><span class=\"grg-logo-fallback grg-logo-fallback-hidden\">Lie<\/span>                <span>Lietkabelis<\/span>\n              <\/td>\n              <td>31<\/td>\n              <td>15<\/td>\n              <td>16<\/td>\n              <td>48.4<\/td>\n              <td>848 \/ 1.3<\/td>\n            <\/tr>\n                      <tr class=\"is-grg\">\n              <td>6<\/td>\n              <td class=\"grg-team-cell\">\n                <img decoding=\"async\" src=\"https:\/\/gargzdaibasketball.lt\/wp-content\/themes\/gargzdai-basketball-theme\/assets\/img\/teams\/gargzdai.svg\" alt=\"Garg\u017edai\" class=\"grg-team-logo\" onerror=\"this.style.display='none';this.nextElementSibling.style.display='inline-flex';\" \/><span class=\"grg-logo-fallback grg-logo-fallback-hidden\">Gar<\/span>                <span>Garg\u017edai<\/span>\n              <\/td>\n              <td>31<\/td>\n              <td>14<\/td>\n              <td>17<\/td>\n              <td>45.2<\/td>\n              <td>83.18 \/ 7.1<\/td>\n            <\/tr>\n                      <tr class=\"\">\n              <td>7<\/td>\n              <td class=\"grg-team-cell\">\n                <img decoding=\"async\" src=\"https:\/\/gargzdaibasketball.lt\/wp-content\/themes\/gargzdai-basketball-theme\/assets\/img\/teams\/juventus.svg\" alt=\"Juventus\" class=\"grg-team-logo\" onerror=\"this.style.display='none';this.nextElementSibling.style.display='inline-flex';\" \/><span class=\"grg-logo-fallback grg-logo-fallback-hidden\">Juv<\/span>                <span>Juventus<\/span>\n              <\/td>\n              <td>30<\/td>\n              <td>11<\/td>\n              <td>19<\/td>\n              <td>36.7<\/td>\n              <td>878 \/ 9.9<\/td>\n            <\/tr>\n                      <tr class=\"\">\n              <td>8<\/td>\n              <td class=\"grg-team-cell\">\n                <img decoding=\"async\" src=\"https:\/\/lkl.lt\/media\/teams\/svg\/cExP0PVSuiRrENAHoUtVmnfyRPfb3mp4x2hJzu7h.svg\" alt=\"Jonava Hipocredit\" class=\"grg-team-logo\" onerror=\"this.style.display='none';this.nextElementSibling.style.display='inline-flex';\" \/><span class=\"grg-logo-fallback grg-logo-fallback-hidden\">Jon<\/span>                <span>Jonava Hipocredit<\/span>\n              <\/td>\n              <td>30<\/td>\n              <td>9<\/td>\n              <td>21<\/td>\n              <td>30<\/td>\n              <td>859 \/ 3.6<\/td>\n            <\/tr>\n                      <tr class=\"\">\n              <td>9<\/td>\n              <td class=\"grg-team-cell\">\n                <img decoding=\"async\" src=\"https:\/\/lkl.lt\/media\/teams\/svg\/HBPZEiGV3DmSADvowvnAcFwGGEticKi32ONNf9F2.svg\" alt=\"Nev\u0117\u017eis-Paskol\u0173 klubas\" class=\"grg-team-logo\" onerror=\"this.style.display='none';this.nextElementSibling.style.display='inline-flex';\" \/><span class=\"grg-logo-fallback grg-logo-fallback-hidden\">Nev<\/span>                <span>Nev\u0117\u017eis-Paskol\u0173 klubas<\/span>\n              <\/td>\n              <td>30<\/td>\n              <td>8<\/td>\n              <td>22<\/td>\n              <td>26.7<\/td>\n              <td>82.99 \/ 1.5<\/td>\n            <\/tr>\n                  <\/tbody>\n      <\/table>\n      <p class=\"grg-update\">Atnaujinta: 2026-05-11 13:01 \u00b7 \u0160altinis: lkl.lt<\/p>\n    <\/div>","protected":false},"excerpt":{"rendered":"#Komanda\u017dPPr%T\u0161k. vid. 1 \u017dal \u017dalgiris 29 28 1 96.6 90.47 \/ 5.7 2 Ryt Rytas 30 19 11 63.3 91.88 \/ 4.6 3 Nep Nept\u016bnas 30 16 14 53.3 92.89 \/ 0.2 4 \u0160ia \u0160iauliai 31 16 15 51.6 85.98 \/ 8.3 5 Lie Lietkabelis 31 15 16 48.4 848 \/ 1.3 6 Gar Garg\u017edai [...]","protected":false},"author":1,"featured_media":0,"parent":0,"menu_order":0,"comment_status":"closed","ping_status":"closed","template":"","meta":{"footnotes":""},"class_list":["post-4296","page","type-page","status-publish","hentry"],"_links":{"self":[{"href":"https:\/\/gargzdaibasketball.lt\/en\/wp-json\/wp\/v2\/pages\/4296","targetHints":{"allow":["GET"]}}],"collection":[{"href":"https:\/\/gargzdaibasketball.lt\/en\/wp-json\/wp\/v2\/pages"}],"about":[{"href":"https:\/\/gargzdaibasketball.lt\/en\/wp-json\/wp\/v2\/types\/page"}],"author":[{"embeddable":true,"href":"https:\/\/gargzdaibasketball.lt\/en\/wp-json\/wp\/v2\/users\/1"}],"replies":[{"embeddable":true,"href":"https:\/\/gargzdaibasketball.lt\/en\/wp-json\/wp\/v2\/comments?post=4296"}],"version-history":[{"count":0,"href":"https:\/\/gargzdaibasketball.lt\/en\/wp-json\/wp\/v2\/pages\/4296\/revisions"}],"wp:attachment":[{"href":"https:\/\/gargzdaibasketball.lt\/en\/wp-json\/wp\/v2\/media?parent=4296"}],"curies":[{"name":"wp","href":"https:\/\/api.w.org\/{rel}","templated":true}]}}