{"id":612,"date":"2016-05-05T10:36:13","date_gmt":"2016-05-05T10:36:13","guid":{"rendered":"http:\/\/splash.stylemixthemes.com\/demo\/?page_id=612"},"modified":"2025-07-24T17:17:17","modified_gmt":"2025-07-24T14:17:17","slug":"about-club","status":"publish","type":"page","link":"https:\/\/gargzdaibasketball.lt\/en\/about-club\/","title":{"rendered":"Apie klub\u0105"},"content":{"rendered":"<div class=\"wpb-content-wrapper\"><div class=\"vc_row wpb_row vc_row-fluid\"><div class=\"wpb_column vc_column_container vc_col-sm-3 vc_col-lg-8 vc_col-md-8 vc_col-xs-12\"><div class=\"vc_column-inner\"><div class=\"wpb_wrapper\">\n\t<div class=\"wpb_text_column wpb_content_element vc_custom_1753359150697\" >\n\t\t<div class=\"wpb_wrapper\">\n\t\t\t<blockquote>\n<p style=\"font-size: 22px; line-height: 28px;\">Garg\u017edai Basketball<\/p>\n<\/blockquote>\n\n\t\t<\/div>\n\t<\/div>\n\n\t<div class=\"wpb_text_column wpb_content_element vc_custom_1753366635023\" >\n\t\t<div class=\"wpb_wrapper\">\n\t\t\t<p data-start=\"101\" data-end=\"359\">Garg\u017ed\u0173 krep\u0161inio klubas \u201eGarg\u017edai Basketball\u201c \u012fkurtas 2024 metais. Klubas aktyviai siekia \u012fkv\u0117pti miest\u0105 ir suteikti galimyb\u0119 vietos talentams \u017eaisti profesionaliai.<\/p>\n<p data-start=\"361\" data-end=\"627\">Klubas s\u0117kmingai debiutavo Region\u0173 krep\u0161inio lygos B divizione (RKL-B), kur, demonstruodamas viening\u0105 \u017eaidim\u0105 ir atsidavim\u0105, tapo \u010dempionais. \u0160is laim\u0117jimas \u017eymi nauj\u0105 Garg\u017ed\u0173 sporto istorijos etap\u0105.<\/p>\n<p data-start=\"361\" data-end=\"627\">2025 \/ 2026 m. sezone &#8211; klubas rungtyniaus \u201eBetsafe-LKL\u201c \u010dempionate, kur vadinsis &#8211; Garg\u017ed\u0173 \u201eGarg\u017edai\u201c.<\/p>\n\n\t\t<\/div>\n\t<\/div>\n<\/div><\/div><\/div><div class=\"wpb_column vc_column_container vc_col-sm-3\"><div class=\"vc_column-inner\"><div class=\"wpb_wrapper\">\n\t<div  class=\"wpb_single_image wpb_content_element vc_align_left wpb_content_element wpb_animate_when_almost_visible wpb_appear appear\">\n\t\t\n\t\t<figure class=\"wpb_wrapper vc_figure\">\n\t\t\t<div class=\"vc_single_image-wrapper   vc_box_border_grey\"><img fetchpriority=\"high\" decoding=\"async\" width=\"1000\" height=\"1000\" src=\"https:\/\/gargzdaibasketball.lt\/wp-content\/uploads\/2025\/07\/grglogo-1.png\" class=\"vc_single_image-img attachment-large\" alt=\"\" title=\"grglogo\" srcset=\"https:\/\/gargzdaibasketball.lt\/wp-content\/uploads\/2025\/07\/grglogo-1.png 1000w, https:\/\/gargzdaibasketball.lt\/wp-content\/uploads\/2025\/07\/grglogo-1-300x300.png 300w, https:\/\/gargzdaibasketball.lt\/wp-content\/uploads\/2025\/07\/grglogo-1-150x150.png 150w, https:\/\/gargzdaibasketball.lt\/wp-content\/uploads\/2025\/07\/grglogo-1-768x768.png 768w, https:\/\/gargzdaibasketball.lt\/wp-content\/uploads\/2025\/07\/grglogo-1-12x12.png 12w, https:\/\/gargzdaibasketball.lt\/wp-content\/uploads\/2025\/07\/grglogo-1-128x128.png 128w, https:\/\/gargzdaibasketball.lt\/wp-content\/uploads\/2025\/07\/grglogo-1-32x32.png 32w, https:\/\/gargzdaibasketball.lt\/wp-content\/uploads\/2025\/07\/grglogo-1-200x200.png 200w, https:\/\/gargzdaibasketball.lt\/wp-content\/uploads\/2025\/07\/grglogo-1-255x255.png 255w, https:\/\/gargzdaibasketball.lt\/wp-content\/uploads\/2025\/07\/grglogo-1-80x80.png 80w, https:\/\/gargzdaibasketball.lt\/wp-content\/uploads\/2025\/07\/grglogo-1-740x740.png 740w, https:\/\/gargzdaibasketball.lt\/wp-content\/uploads\/2025\/07\/grglogo-1-98x98.png 98w, https:\/\/gargzdaibasketball.lt\/wp-content\/uploads\/2025\/07\/grglogo-1-445x445.png 445w, https:\/\/gargzdaibasketball.lt\/wp-content\/uploads\/2025\/07\/grglogo-1-270x270.png 270w, https:\/\/gargzdaibasketball.lt\/wp-content\/uploads\/2025\/07\/grglogo-1-600x600.png 600w, https:\/\/gargzdaibasketball.lt\/wp-content\/uploads\/2025\/07\/grglogo-1-100x100.png 100w\" sizes=\"(max-width: 1000px) 100vw, 1000px\" \/><\/div>\n\t\t<\/figure>\n\t<\/div>\n<\/div><\/div><\/div><\/div><div class=\"vc_row wpb_row vc_row-fluid\"><div class=\"wpb_column vc_column_container vc_col-sm-12\"><div class=\"vc_column-inner\"><div class=\"wpb_wrapper\"><div class=\"wpb_images_carousel wpb_content_element vc_clearfix wpb_content_element\"><div class=\"wpb_wrapper\"><h2 class=\"wpb_heading wpb_gallery_heading\">RKL-B \u010dempionai<\/h2><div id=\"vc_images-carousel-1-1776379168\" data-ride=\"vc_carousel\" data-wrap=\"false\" style=\"width: 1024px;\" data-interval=\"5000\" data-auto-height=\"yes\" data-mode=\"horizontal\" data-partial=\"true\" data-per-view=\"1\" data-hide-on-end=\"false\" class=\"vc_slide vc_images_carousel\"><div class=\"vc_carousel-inner\"><div class=\"vc_carousel-slideline\"><div class=\"vc_carousel-slideline-inner\"><div class=\"vc_item\"><div class=\"vc_inner\"><a class=\"\" href=\"https:\/\/gargzdaibasketball.lt\/wp-content\/uploads\/2025\/07\/493973152_1355911345573873_5783630964137920808_n-1024x683.jpg\" data-lightbox=\"lightbox[rel-612-2591806312]\"><img decoding=\"async\" width=\"1024\" height=\"683\" src=\"https:\/\/gargzdaibasketball.lt\/wp-content\/uploads\/2025\/07\/493973152_1355911345573873_5783630964137920808_n-1024x683.jpg\" class=\"attachment-large\" alt=\"\" title=\"493973152_1355911345573873_5783630964137920808_n\" srcset=\"https:\/\/gargzdaibasketball.lt\/wp-content\/uploads\/2025\/07\/493973152_1355911345573873_5783630964137920808_n-1024x683.jpg 1024w, https:\/\/gargzdaibasketball.lt\/wp-content\/uploads\/2025\/07\/493973152_1355911345573873_5783630964137920808_n-300x200.jpg 300w, https:\/\/gargzdaibasketball.lt\/wp-content\/uploads\/2025\/07\/493973152_1355911345573873_5783630964137920808_n-768x512.jpg 768w, https:\/\/gargzdaibasketball.lt\/wp-content\/uploads\/2025\/07\/493973152_1355911345573873_5783630964137920808_n-1536x1024.jpg 1536w, https:\/\/gargzdaibasketball.lt\/wp-content\/uploads\/2025\/07\/493973152_1355911345573873_5783630964137920808_n-18x12.jpg 18w, https:\/\/gargzdaibasketball.lt\/wp-content\/uploads\/2025\/07\/493973152_1355911345573873_5783630964137920808_n-128x85.jpg 128w, https:\/\/gargzdaibasketball.lt\/wp-content\/uploads\/2025\/07\/493973152_1355911345573873_5783630964137920808_n-32x21.jpg 32w, https:\/\/gargzdaibasketball.lt\/wp-content\/uploads\/2025\/07\/493973152_1355911345573873_5783630964137920808_n-360x240.jpg 360w, https:\/\/gargzdaibasketball.lt\/wp-content\/uploads\/2025\/07\/493973152_1355911345573873_5783630964137920808_n-98x65.jpg 98w, https:\/\/gargzdaibasketball.lt\/wp-content\/uploads\/2025\/07\/493973152_1355911345573873_5783630964137920808_n-600x400.jpg 600w, https:\/\/gargzdaibasketball.lt\/wp-content\/uploads\/2025\/07\/493973152_1355911345573873_5783630964137920808_n.jpg 2048w\" sizes=\"(max-width: 1024px) 100vw, 1024px\" \/><\/a><\/div><\/div><div class=\"vc_item\"><div class=\"vc_inner\"><a class=\"\" href=\"https:\/\/gargzdaibasketball.lt\/wp-content\/uploads\/2025\/07\/494790110_1355910848907256_8318742482749916842_n-1024x683.jpg\" data-lightbox=\"lightbox[rel-612-2591806312]\"><img decoding=\"async\" width=\"1024\" height=\"683\" src=\"https:\/\/gargzdaibasketball.lt\/wp-content\/uploads\/2025\/07\/494790110_1355910848907256_8318742482749916842_n-1024x683.jpg\" class=\"attachment-large\" alt=\"\" title=\"494790110_1355910848907256_8318742482749916842_n\" srcset=\"https:\/\/gargzdaibasketball.lt\/wp-content\/uploads\/2025\/07\/494790110_1355910848907256_8318742482749916842_n-1024x683.jpg 1024w, https:\/\/gargzdaibasketball.lt\/wp-content\/uploads\/2025\/07\/494790110_1355910848907256_8318742482749916842_n-300x200.jpg 300w, https:\/\/gargzdaibasketball.lt\/wp-content\/uploads\/2025\/07\/494790110_1355910848907256_8318742482749916842_n-768x512.jpg 768w, https:\/\/gargzdaibasketball.lt\/wp-content\/uploads\/2025\/07\/494790110_1355910848907256_8318742482749916842_n-1536x1024.jpg 1536w, https:\/\/gargzdaibasketball.lt\/wp-content\/uploads\/2025\/07\/494790110_1355910848907256_8318742482749916842_n-18x12.jpg 18w, https:\/\/gargzdaibasketball.lt\/wp-content\/uploads\/2025\/07\/494790110_1355910848907256_8318742482749916842_n-128x85.jpg 128w, https:\/\/gargzdaibasketball.lt\/wp-content\/uploads\/2025\/07\/494790110_1355910848907256_8318742482749916842_n-32x21.jpg 32w, https:\/\/gargzdaibasketball.lt\/wp-content\/uploads\/2025\/07\/494790110_1355910848907256_8318742482749916842_n-360x240.jpg 360w, https:\/\/gargzdaibasketball.lt\/wp-content\/uploads\/2025\/07\/494790110_1355910848907256_8318742482749916842_n-98x65.jpg 98w, https:\/\/gargzdaibasketball.lt\/wp-content\/uploads\/2025\/07\/494790110_1355910848907256_8318742482749916842_n-600x400.jpg 600w, https:\/\/gargzdaibasketball.lt\/wp-content\/uploads\/2025\/07\/494790110_1355910848907256_8318742482749916842_n.jpg 2048w\" sizes=\"(max-width: 1024px) 100vw, 1024px\" \/><\/a><\/div><\/div><div class=\"vc_item\"><div class=\"vc_inner\"><a class=\"\" href=\"https:\/\/gargzdaibasketball.lt\/wp-content\/uploads\/2025\/07\/494949492_1355915442240130_4641495298602889154_n-1024x683.jpg\" data-lightbox=\"lightbox[rel-612-2591806312]\"><img loading=\"lazy\" decoding=\"async\" width=\"1024\" height=\"683\" src=\"https:\/\/gargzdaibasketball.lt\/wp-content\/uploads\/2025\/07\/494949492_1355915442240130_4641495298602889154_n-1024x683.jpg\" class=\"attachment-large\" alt=\"\" title=\"494949492_1355915442240130_4641495298602889154_n\" srcset=\"https:\/\/gargzdaibasketball.lt\/wp-content\/uploads\/2025\/07\/494949492_1355915442240130_4641495298602889154_n-1024x683.jpg 1024w, https:\/\/gargzdaibasketball.lt\/wp-content\/uploads\/2025\/07\/494949492_1355915442240130_4641495298602889154_n-300x200.jpg 300w, https:\/\/gargzdaibasketball.lt\/wp-content\/uploads\/2025\/07\/494949492_1355915442240130_4641495298602889154_n-768x512.jpg 768w, https:\/\/gargzdaibasketball.lt\/wp-content\/uploads\/2025\/07\/494949492_1355915442240130_4641495298602889154_n-1536x1024.jpg 1536w, https:\/\/gargzdaibasketball.lt\/wp-content\/uploads\/2025\/07\/494949492_1355915442240130_4641495298602889154_n-18x12.jpg 18w, https:\/\/gargzdaibasketball.lt\/wp-content\/uploads\/2025\/07\/494949492_1355915442240130_4641495298602889154_n-128x85.jpg 128w, https:\/\/gargzdaibasketball.lt\/wp-content\/uploads\/2025\/07\/494949492_1355915442240130_4641495298602889154_n-32x21.jpg 32w, https:\/\/gargzdaibasketball.lt\/wp-content\/uploads\/2025\/07\/494949492_1355915442240130_4641495298602889154_n-360x240.jpg 360w, https:\/\/gargzdaibasketball.lt\/wp-content\/uploads\/2025\/07\/494949492_1355915442240130_4641495298602889154_n-98x65.jpg 98w, https:\/\/gargzdaibasketball.lt\/wp-content\/uploads\/2025\/07\/494949492_1355915442240130_4641495298602889154_n-600x400.jpg 600w, https:\/\/gargzdaibasketball.lt\/wp-content\/uploads\/2025\/07\/494949492_1355915442240130_4641495298602889154_n.jpg 2048w\" sizes=\"(max-width: 1024px) 100vw, 1024px\" \/><\/a><\/div><\/div><div class=\"vc_item\"><div class=\"vc_inner\"><a class=\"\" href=\"https:\/\/gargzdaibasketball.lt\/wp-content\/uploads\/2025\/07\/TAD02405-1024x683.jpg\" data-lightbox=\"lightbox[rel-612-2591806312]\"><img loading=\"lazy\" decoding=\"async\" width=\"1024\" height=\"683\" src=\"https:\/\/gargzdaibasketball.lt\/wp-content\/uploads\/2025\/07\/TAD02405-1024x683.jpg\" class=\"attachment-large\" alt=\"\" title=\"TAD02405\" srcset=\"https:\/\/gargzdaibasketball.lt\/wp-content\/uploads\/2025\/07\/TAD02405-1024x683.jpg 1024w, https:\/\/gargzdaibasketball.lt\/wp-content\/uploads\/2025\/07\/TAD02405-300x200.jpg 300w, https:\/\/gargzdaibasketball.lt\/wp-content\/uploads\/2025\/07\/TAD02405-768x512.jpg 768w, https:\/\/gargzdaibasketball.lt\/wp-content\/uploads\/2025\/07\/TAD02405-1536x1024.jpg 1536w, https:\/\/gargzdaibasketball.lt\/wp-content\/uploads\/2025\/07\/TAD02405-18x12.jpg 18w, https:\/\/gargzdaibasketball.lt\/wp-content\/uploads\/2025\/07\/TAD02405-128x85.jpg 128w, https:\/\/gargzdaibasketball.lt\/wp-content\/uploads\/2025\/07\/TAD02405-32x21.jpg 32w, https:\/\/gargzdaibasketball.lt\/wp-content\/uploads\/2025\/07\/TAD02405-360x240.jpg 360w, https:\/\/gargzdaibasketball.lt\/wp-content\/uploads\/2025\/07\/TAD02405-98x65.jpg 98w, https:\/\/gargzdaibasketball.lt\/wp-content\/uploads\/2025\/07\/TAD02405-600x400.jpg 600w, https:\/\/gargzdaibasketball.lt\/wp-content\/uploads\/2025\/07\/TAD02405.jpg 2048w\" sizes=\"(max-width: 1024px) 100vw, 1024px\" \/><\/a><\/div><\/div><div class=\"vc_item\"><div class=\"vc_inner\"><a class=\"\" href=\"https:\/\/gargzdaibasketball.lt\/wp-content\/uploads\/2025\/07\/TAD02023-1024x683.jpg\" data-lightbox=\"lightbox[rel-612-2591806312]\"><img loading=\"lazy\" decoding=\"async\" width=\"1024\" height=\"683\" src=\"https:\/\/gargzdaibasketball.lt\/wp-content\/uploads\/2025\/07\/TAD02023-1024x683.jpg\" class=\"attachment-large\" alt=\"\" title=\"TAD02023\" srcset=\"https:\/\/gargzdaibasketball.lt\/wp-content\/uploads\/2025\/07\/TAD02023-1024x683.jpg 1024w, https:\/\/gargzdaibasketball.lt\/wp-content\/uploads\/2025\/07\/TAD02023-300x200.jpg 300w, https:\/\/gargzdaibasketball.lt\/wp-content\/uploads\/2025\/07\/TAD02023-768x512.jpg 768w, https:\/\/gargzdaibasketball.lt\/wp-content\/uploads\/2025\/07\/TAD02023-1536x1024.jpg 1536w, https:\/\/gargzdaibasketball.lt\/wp-content\/uploads\/2025\/07\/TAD02023-18x12.jpg 18w, https:\/\/gargzdaibasketball.lt\/wp-content\/uploads\/2025\/07\/TAD02023-128x85.jpg 128w, https:\/\/gargzdaibasketball.lt\/wp-content\/uploads\/2025\/07\/TAD02023-32x21.jpg 32w, https:\/\/gargzdaibasketball.lt\/wp-content\/uploads\/2025\/07\/TAD02023-360x240.jpg 360w, https:\/\/gargzdaibasketball.lt\/wp-content\/uploads\/2025\/07\/TAD02023-98x65.jpg 98w, https:\/\/gargzdaibasketball.lt\/wp-content\/uploads\/2025\/07\/TAD02023-600x400.jpg 600w, https:\/\/gargzdaibasketball.lt\/wp-content\/uploads\/2025\/07\/TAD02023.jpg 2048w\" sizes=\"(max-width: 1024px) 100vw, 1024px\" \/><\/a><\/div><\/div><div class=\"vc_item\"><div class=\"vc_inner\"><a class=\"\" href=\"https:\/\/gargzdaibasketball.lt\/wp-content\/uploads\/2025\/07\/TAD01978-1024x683.jpg\" data-lightbox=\"lightbox[rel-612-2591806312]\"><img loading=\"lazy\" decoding=\"async\" width=\"1024\" height=\"683\" src=\"https:\/\/gargzdaibasketball.lt\/wp-content\/uploads\/2025\/07\/TAD01978-1024x683.jpg\" class=\"attachment-large\" alt=\"\" title=\"TAD01978\" srcset=\"https:\/\/gargzdaibasketball.lt\/wp-content\/uploads\/2025\/07\/TAD01978-1024x683.jpg 1024w, https:\/\/gargzdaibasketball.lt\/wp-content\/uploads\/2025\/07\/TAD01978-300x200.jpg 300w, https:\/\/gargzdaibasketball.lt\/wp-content\/uploads\/2025\/07\/TAD01978-768x512.jpg 768w, https:\/\/gargzdaibasketball.lt\/wp-content\/uploads\/2025\/07\/TAD01978-1536x1024.jpg 1536w, https:\/\/gargzdaibasketball.lt\/wp-content\/uploads\/2025\/07\/TAD01978-18x12.jpg 18w, https:\/\/gargzdaibasketball.lt\/wp-content\/uploads\/2025\/07\/TAD01978-128x85.jpg 128w, https:\/\/gargzdaibasketball.lt\/wp-content\/uploads\/2025\/07\/TAD01978-32x21.jpg 32w, https:\/\/gargzdaibasketball.lt\/wp-content\/uploads\/2025\/07\/TAD01978-360x240.jpg 360w, https:\/\/gargzdaibasketball.lt\/wp-content\/uploads\/2025\/07\/TAD01978-98x65.jpg 98w, https:\/\/gargzdaibasketball.lt\/wp-content\/uploads\/2025\/07\/TAD01978-600x400.jpg 600w, https:\/\/gargzdaibasketball.lt\/wp-content\/uploads\/2025\/07\/TAD01978.jpg 2048w\" sizes=\"(max-width: 1024px) 100vw, 1024px\" \/><\/a><\/div><\/div><div class=\"vc_item\"><div class=\"vc_inner\"><a class=\"\" href=\"https:\/\/gargzdaibasketball.lt\/wp-content\/uploads\/2025\/07\/TAD02179-1024x683.jpg\" data-lightbox=\"lightbox[rel-612-2591806312]\"><img loading=\"lazy\" decoding=\"async\" width=\"1024\" height=\"683\" src=\"https:\/\/gargzdaibasketball.lt\/wp-content\/uploads\/2025\/07\/TAD02179-1024x683.jpg\" class=\"attachment-large\" alt=\"\" title=\"TAD02179\" srcset=\"https:\/\/gargzdaibasketball.lt\/wp-content\/uploads\/2025\/07\/TAD02179-1024x683.jpg 1024w, https:\/\/gargzdaibasketball.lt\/wp-content\/uploads\/2025\/07\/TAD02179-300x200.jpg 300w, https:\/\/gargzdaibasketball.lt\/wp-content\/uploads\/2025\/07\/TAD02179-768x512.jpg 768w, https:\/\/gargzdaibasketball.lt\/wp-content\/uploads\/2025\/07\/TAD02179-1536x1024.jpg 1536w, https:\/\/gargzdaibasketball.lt\/wp-content\/uploads\/2025\/07\/TAD02179-18x12.jpg 18w, https:\/\/gargzdaibasketball.lt\/wp-content\/uploads\/2025\/07\/TAD02179-128x85.jpg 128w, https:\/\/gargzdaibasketball.lt\/wp-content\/uploads\/2025\/07\/TAD02179-32x21.jpg 32w, https:\/\/gargzdaibasketball.lt\/wp-content\/uploads\/2025\/07\/TAD02179-360x240.jpg 360w, https:\/\/gargzdaibasketball.lt\/wp-content\/uploads\/2025\/07\/TAD02179-98x65.jpg 98w, https:\/\/gargzdaibasketball.lt\/wp-content\/uploads\/2025\/07\/TAD02179-600x400.jpg 600w, https:\/\/gargzdaibasketball.lt\/wp-content\/uploads\/2025\/07\/TAD02179.jpg 2048w\" sizes=\"(max-width: 1024px) 100vw, 1024px\" \/><\/a><\/div><\/div><div class=\"vc_item\"><div class=\"vc_inner\"><a class=\"\" href=\"https:\/\/gargzdaibasketball.lt\/wp-content\/uploads\/2025\/07\/TAD01941-1024x683.jpg\" data-lightbox=\"lightbox[rel-612-2591806312]\"><img loading=\"lazy\" decoding=\"async\" width=\"1024\" height=\"683\" src=\"https:\/\/gargzdaibasketball.lt\/wp-content\/uploads\/2025\/07\/TAD01941-1024x683.jpg\" class=\"attachment-large\" alt=\"\" title=\"TAD01941\" srcset=\"https:\/\/gargzdaibasketball.lt\/wp-content\/uploads\/2025\/07\/TAD01941-1024x683.jpg 1024w, https:\/\/gargzdaibasketball.lt\/wp-content\/uploads\/2025\/07\/TAD01941-300x200.jpg 300w, https:\/\/gargzdaibasketball.lt\/wp-content\/uploads\/2025\/07\/TAD01941-768x512.jpg 768w, https:\/\/gargzdaibasketball.lt\/wp-content\/uploads\/2025\/07\/TAD01941-1536x1024.jpg 1536w, https:\/\/gargzdaibasketball.lt\/wp-content\/uploads\/2025\/07\/TAD01941-18x12.jpg 18w, https:\/\/gargzdaibasketball.lt\/wp-content\/uploads\/2025\/07\/TAD01941-128x85.jpg 128w, https:\/\/gargzdaibasketball.lt\/wp-content\/uploads\/2025\/07\/TAD01941-32x21.jpg 32w, https:\/\/gargzdaibasketball.lt\/wp-content\/uploads\/2025\/07\/TAD01941-360x240.jpg 360w, https:\/\/gargzdaibasketball.lt\/wp-content\/uploads\/2025\/07\/TAD01941-98x65.jpg 98w, https:\/\/gargzdaibasketball.lt\/wp-content\/uploads\/2025\/07\/TAD01941-600x400.jpg 600w, https:\/\/gargzdaibasketball.lt\/wp-content\/uploads\/2025\/07\/TAD01941.jpg 2048w\" sizes=\"(max-width: 1024px) 100vw, 1024px\" \/><\/a><\/div><\/div><div class=\"vc_item\"><div class=\"vc_inner\"><a class=\"\" href=\"https:\/\/gargzdaibasketball.lt\/wp-content\/uploads\/2025\/07\/TAD01856-1024x683.jpg\" data-lightbox=\"lightbox[rel-612-2591806312]\"><img loading=\"lazy\" decoding=\"async\" width=\"1024\" height=\"683\" src=\"https:\/\/gargzdaibasketball.lt\/wp-content\/uploads\/2025\/07\/TAD01856-1024x683.jpg\" class=\"attachment-large\" alt=\"\" title=\"TAD01856\" srcset=\"https:\/\/gargzdaibasketball.lt\/wp-content\/uploads\/2025\/07\/TAD01856-1024x683.jpg 1024w, https:\/\/gargzdaibasketball.lt\/wp-content\/uploads\/2025\/07\/TAD01856-300x200.jpg 300w, https:\/\/gargzdaibasketball.lt\/wp-content\/uploads\/2025\/07\/TAD01856-768x512.jpg 768w, https:\/\/gargzdaibasketball.lt\/wp-content\/uploads\/2025\/07\/TAD01856-1536x1024.jpg 1536w, https:\/\/gargzdaibasketball.lt\/wp-content\/uploads\/2025\/07\/TAD01856-18x12.jpg 18w, https:\/\/gargzdaibasketball.lt\/wp-content\/uploads\/2025\/07\/TAD01856-128x85.jpg 128w, https:\/\/gargzdaibasketball.lt\/wp-content\/uploads\/2025\/07\/TAD01856-32x21.jpg 32w, https:\/\/gargzdaibasketball.lt\/wp-content\/uploads\/2025\/07\/TAD01856-360x240.jpg 360w, https:\/\/gargzdaibasketball.lt\/wp-content\/uploads\/2025\/07\/TAD01856-98x65.jpg 98w, https:\/\/gargzdaibasketball.lt\/wp-content\/uploads\/2025\/07\/TAD01856-600x400.jpg 600w, https:\/\/gargzdaibasketball.lt\/wp-content\/uploads\/2025\/07\/TAD01856.jpg 2048w\" sizes=\"(max-width: 1024px) 100vw, 1024px\" \/><\/a><\/div><\/div><div class=\"vc_item\"><div class=\"vc_inner\"><a class=\"\" href=\"https:\/\/gargzdaibasketball.lt\/wp-content\/uploads\/2025\/07\/TAD02498-1024x683.jpg\" data-lightbox=\"lightbox[rel-612-2591806312]\"><img loading=\"lazy\" decoding=\"async\" width=\"1024\" height=\"683\" src=\"https:\/\/gargzdaibasketball.lt\/wp-content\/uploads\/2025\/07\/TAD02498-1024x683.jpg\" class=\"attachment-large\" alt=\"\" title=\"TAD02498\" srcset=\"https:\/\/gargzdaibasketball.lt\/wp-content\/uploads\/2025\/07\/TAD02498-1024x683.jpg 1024w, https:\/\/gargzdaibasketball.lt\/wp-content\/uploads\/2025\/07\/TAD02498-300x200.jpg 300w, https:\/\/gargzdaibasketball.lt\/wp-content\/uploads\/2025\/07\/TAD02498-768x512.jpg 768w, https:\/\/gargzdaibasketball.lt\/wp-content\/uploads\/2025\/07\/TAD02498-1536x1024.jpg 1536w, https:\/\/gargzdaibasketball.lt\/wp-content\/uploads\/2025\/07\/TAD02498-18x12.jpg 18w, https:\/\/gargzdaibasketball.lt\/wp-content\/uploads\/2025\/07\/TAD02498-128x85.jpg 128w, https:\/\/gargzdaibasketball.lt\/wp-content\/uploads\/2025\/07\/TAD02498-32x21.jpg 32w, https:\/\/gargzdaibasketball.lt\/wp-content\/uploads\/2025\/07\/TAD02498-360x240.jpg 360w, https:\/\/gargzdaibasketball.lt\/wp-content\/uploads\/2025\/07\/TAD02498-98x65.jpg 98w, https:\/\/gargzdaibasketball.lt\/wp-content\/uploads\/2025\/07\/TAD02498-600x400.jpg 600w, https:\/\/gargzdaibasketball.lt\/wp-content\/uploads\/2025\/07\/TAD02498.jpg 2048w\" sizes=\"(max-width: 1024px) 100vw, 1024px\" \/><\/a><\/div><\/div><\/div><\/div><\/div><a class=\"vc_left vc_carousel-control\" href=\"#vc_images-carousel-1-1776379168\" data-slide=\"prev\"><span class=\"icon-prev\"><\/span><\/a><a class=\"vc_right vc_carousel-control\" href=\"#vc_images-carousel-1-1776379168\" data-slide=\"next\"><span class=\"icon-next\"><\/span><\/a><\/div><\/div><\/div><\/div><\/div><\/div><\/div>\n<\/div>","protected":false},"excerpt":{"rendered":"Garg\u017edai Basketball Garg\u017ed\u0173 krep\u0161inio klubas \u201eGarg\u017edai Basketball\u201c \u012fkurtas 2024 metais. Klubas aktyviai siekia \u012fkv\u0117pti miest\u0105 ir suteikti galimyb\u0119 vietos talentams \u017eaisti profesionaliai. Klubas s\u0117kmingai debiutavo Region\u0173 krep\u0161inio lygos B divizione (RKL-B), kur, demonstruodamas viening\u0105 \u017eaidim\u0105 ir atsidavim\u0105, tapo \u010dempionais. \u0160is laim\u0117jimas \u017eymi nauj\u0105 Garg\u017ed\u0173 sporto istorijos etap\u0105. 2025 \/ 2026 m. sezone - klubas rungtyniaus...","protected":false},"author":1,"featured_media":0,"parent":0,"menu_order":0,"comment_status":"closed","ping_status":"closed","template":"","meta":{"footnotes":""},"class_list":["post-612","page","type-page","status-publish","hentry"],"_links":{"self":[{"href":"https:\/\/gargzdaibasketball.lt\/en\/wp-json\/wp\/v2\/pages\/612","targetHints":{"allow":["GET"]}}],"collection":[{"href":"https:\/\/gargzdaibasketball.lt\/en\/wp-json\/wp\/v2\/pages"}],"about":[{"href":"https:\/\/gargzdaibasketball.lt\/en\/wp-json\/wp\/v2\/types\/page"}],"author":[{"embeddable":true,"href":"https:\/\/gargzdaibasketball.lt\/en\/wp-json\/wp\/v2\/users\/1"}],"replies":[{"embeddable":true,"href":"https:\/\/gargzdaibasketball.lt\/en\/wp-json\/wp\/v2\/comments?post=612"}],"version-history":[{"count":17,"href":"https:\/\/gargzdaibasketball.lt\/en\/wp-json\/wp\/v2\/pages\/612\/revisions"}],"predecessor-version":[{"id":2797,"href":"https:\/\/gargzdaibasketball.lt\/en\/wp-json\/wp\/v2\/pages\/612\/revisions\/2797"}],"wp:attachment":[{"href":"https:\/\/gargzdaibasketball.lt\/en\/wp-json\/wp\/v2\/media?parent=612"}],"curies":[{"name":"wp","href":"https:\/\/api.w.org\/{rel}","templated":true}]}}