{"id":709,"date":"2016-05-10T09:55:45","date_gmt":"2016-05-10T09:55:45","guid":{"rendered":"http:\/\/splash.stylemixthemes.com\/demo\/?page_id=709"},"modified":"2025-08-20T16:47:43","modified_gmt":"2025-08-20T13:47:43","slug":"contacts","status":"publish","type":"page","link":"https:\/\/gargzdaibasketball.lt\/en\/contacts\/","title":{"rendered":"Kontaktai"},"content":{"rendered":"<div class=\"wpb-content-wrapper\"><div class=\"vc_row wpb_row vc_row-fluid my_contacts vc_custom_1554816945200\"><div class=\"wpb_column vc_column_container vc_col-sm-8\"><div class=\"vc_column-inner vc_custom_1527137284936\"><div class=\"wpb_wrapper\"><div class=\"vc_row wpb_row vc_inner vc_row-fluid\"><div class=\"wpb_column vc_column_container vc_col-sm-6\"><div class=\"vc_column-inner\"><div class=\"wpb_wrapper\"><div class=\"vc_empty_space\"   style=\"height: 50px\"><span class=\"vc_empty_space_inner\"><\/span><\/div>\n<div class=\"stm-contact-info\">\n\t\n\t\t\t<div class=\"title h5\">OFISAS<\/div>\n\t\n\t\t\t<div class=\"subtitle h6\">Garg\u017ed\u0173 daugiafunkcinis sporto ir pramog\u0173 centras<\/div>\n\t\n\t<div class=\"stm-contacts\">\n\t\t\n\t\t\t\t\t<div class=\"stm-single-contact stm-phone\">\n\t\t\t\t<i class=\"icon-ico_pin\"><\/i>\n\t\t\t\t<div class=\"contact-label\">Address<\/div>\t\t\t\t<div class=\"contact-value h4\">Garg\u017edai, Klaip\u0117dos r. sav.<\/div>\n\t\t\t<\/div>\n\t\t\n\t\t\t\t\t<div class=\"stm-single-contact stm-phone\">\n\t\t\t\t<i class=\"fa fa-phone\"><\/i>\t\t\t\t<div class=\"contact-label\">Phone<\/div>\t\t\t\t<div class=\"contact-value h4\">+370 (618) 61 848<\/div>\n\t\t\t<\/div>\n\t\t\n\t\t\n\t\t\t\t\t<div class=\"stm-single-contact stm-email\">\n\t\t\t\t<i class=\"fa fa-envelope\"><\/i>\t\t\t\t<div class=\"contact-label\">Email<\/div>\t\t\t\t<div class=\"contact-value h4\">\n\t\t\t\t\t<a href=\"mailto:Info@gargzdaibasketball.lt\">\n\t\t\t\t\t\tInfo@gargzdaibasketball.lt\t\t\t\t\t<\/a>\n\t\t\t\t<\/div>\n\t\t\t<\/div>\n\t\t\n\t\t\t\t\t<div class=\"stm-single-contact stm-url\">\n\t\t\t\t<i class=\"fa fa-link\"><\/i>\n\t\t\t\t<div class=\"contact-value h4\">\n\t\t\t\t\t<a href=\"https:\/\/gargzdaibasketball.lt\/en\/\" target=\"_blank\">\n\t\t\t\t\t\twww.gargzdaibasketball.lt\t\t\t\t\t<\/a>\n\t\t\t\t<\/div>\n\t\t\t<\/div>\n\t\t\n\t\t\n\t<\/div>\n\t<\/div><\/div><\/div><\/div><div class=\"wpb_column vc_column_container vc_col-sm-6\"><div class=\"vc_column-inner\"><div class=\"wpb_wrapper\"><div class=\"vc_empty_space\"   style=\"height: 50px\"><span class=\"vc_empty_space_inner\"><\/span><\/div>\n<div class=\"stm-contact-info\">\n\t\n\t\t\t<div class=\"title h5\">MEDIA<\/div>\n\t\n\t\t\t<div class=\"subtitle h6\">Garg\u017ed\u0173 daugiafunkcinis sporto ir pramog\u0173 centras<\/div>\n\t\n\t<div class=\"stm-contacts\">\n\t\t\n\t\t\t\t\t<div class=\"stm-single-contact stm-phone\">\n\t\t\t\t<i class=\"icon-ico_pin\"><\/i>\n\t\t\t\t<div class=\"contact-label\">Address<\/div>\t\t\t\t<div class=\"contact-value h4\">Garg\u017edai, Klaip\u0117dos r. sav.<\/div>\n\t\t\t<\/div>\n\t\t\n\t\t\n\t\t\n\t\t\t\t\t<div class=\"stm-single-contact stm-email\">\n\t\t\t\t<i class=\"fa fa-envelope\"><\/i>\t\t\t\t<div class=\"contact-label\">Email<\/div>\t\t\t\t<div class=\"contact-value h4\">\n\t\t\t\t\t<a href=\"mailto:media@gargzdaibasketball.lt\">\n\t\t\t\t\t\tmedia@gargzdaibasketball.lt\t\t\t\t\t<\/a>\n\t\t\t\t<\/div>\n\t\t\t<\/div>\n\t\t\n\t\t\t\t\t<div class=\"stm-single-contact stm-url\">\n\t\t\t\t<i class=\"fa fa-link\"><\/i>\n\t\t\t\t<div class=\"contact-value h4\">\n\t\t\t\t\t<a href=\"https:\/\/gargzdaibasketball.lt\/en\/\" target=\"_blank\">\n\t\t\t\t\t\twww.gargzdaibasketball.lt\t\t\t\t\t<\/a>\n\t\t\t\t<\/div>\n\t\t\t<\/div>\n\t\t\n\t\t\n\t<\/div>\n\t<\/div><\/div><\/div><\/div><\/div><div class=\"vc_empty_space\"   style=\"height: 50px\"><span class=\"vc_empty_space_inner\"><\/span><\/div>\n<div class=\"stm-gmap-shadow\"><\/div>\n<div style=\" width: 100%;  height: 500px;\" id=\"stm_map-2029618592\" class=\"stm_gmap\"><\/div>\n\n<script type=\"text\/javascript\">\n\tjQuery(document).ready(function ($) {\n\t\tgoogle.maps.event.addDomListener(window, 'load', init);\n\n\t\tvar center, map;\n\t\tfunction init() {\n\t\t\tcenter = new google.maps.LatLng(55.71071452927607, 21.382807490591375);\n\t\t\tvar mapOptions = {\n\t\t\t\tzoom: 18,\n\t\t\t\tcenter: center,\n\t\t\t\tscrollwheel: false\t\t\t};\n\t\t\tvar mapElement = document.getElementById('stm_map-2029618592');\n\t\t\tmap = new google.maps.Map(mapElement, mapOptions);\n\t\t\tvar marker = new google.maps.Marker({\n\t\t\t\tposition: center,\n\t\t\t\ticon: 'https:\/\/gargzdaibasketball.lt\/wp-content\/themes\/splash\/assets\/images\/map-pin.png',\n\t\t\t\tmap: map,\n\t\t\t\toptimized:false\n\t\t\t});\n\n\t\t\t\t\t}\n\n\t\t$('.vc_tta-tab').on('click', function() {\n\t\t\tif(typeof map != 'undefined' && typeof center != 'undefined') {\n\t\t\t\tsetTimeout(function () {\n\t\t\t\t\tgoogle.maps.event.trigger(map, \"resize\");\n\t\t\t\t\tmap.setCenter(center);\n\t\t\t\t}, 1000);\n\t\t\t}\n\t\t})\n\n\t\t$('.wpb_tour_tabs_wrapper.ui-tabs ul.wpb_tabs_nav > li').on('click', function() {\n\t\t\tif(typeof map != 'undefined' && typeof center != 'undefined') {\n\t\t\t\tsetTimeout(function () {\n\t\t\t\t\tgoogle.maps.event.trigger(map, \"resize\");\n\t\t\t\t\tmap.setCenter(center);\n\t\t\t\t}, 1000);\n\t\t\t}\n\t\t})\n\n\t\t$(window).resize(function(){\n\t\t\tif(typeof map != 'undefined' && typeof center != 'undefined') {\n\t\t\t\tsetTimeout(function () {\n\t\t\t\t\tmap.setCenter(center);\n\t\t\t\t}, 1000);\n\t\t\t}\n\t\t})\n\t});\n<\/script>\n\n<\/div><\/div><\/div><div class=\"wpb_column vc_column_container vc_col-sm-4\"><div class=\"vc_column-inner\"><div class=\"wpb_wrapper\"><div class=\"vc_row wpb_row vc_inner vc_row-fluid\"><div class=\"wpb_column vc_column_container vc_col-sm-12\"><div class=\"vc_column-inner\"><div class=\"wpb_wrapper\">\n\t<div class=\"wpb_text_column wpb_content_element vc_custom_1753109941864\" >\n\t\t<div class=\"wpb_wrapper\">\n\t\t\t<h4 style=\"letter-spacing: 1.2px;\">U\u017eklausos<\/h4>\n\n\t\t<\/div>\n\t<\/div>\n<\/div><\/div><\/div><\/div>\n<div class=\"wpcf7 no-js\" id=\"wpcf7-f89-o1\" lang=\"en-US\" dir=\"ltr\" data-wpcf7-id=\"89\">\n<div class=\"screen-reader-response\"><p role=\"status\" aria-live=\"polite\" aria-atomic=\"true\"><\/p> <ul><\/ul><\/div>\n<form action=\"\/en\/wp-json\/wp\/v2\/pages\/709#wpcf7-f89-o1\" method=\"post\" class=\"wpcf7-form init\" aria-label=\"Contact form\" novalidate=\"novalidate\" data-status=\"init\" data-trp-original-action=\"\/en\/wp-json\/wp\/v2\/pages\/709#wpcf7-f89-o1\">\n<fieldset class=\"hidden-fields-container\"><input type=\"hidden\" name=\"_wpcf7\" value=\"89\" \/><input type=\"hidden\" name=\"_wpcf7_version\" value=\"6.1.5\" \/><input type=\"hidden\" name=\"_wpcf7_locale\" value=\"en_US\" \/><input type=\"hidden\" name=\"_wpcf7_unit_tag\" value=\"wpcf7-f89-o1\" \/><input type=\"hidden\" name=\"_wpcf7_container_post\" value=\"0\" \/><input type=\"hidden\" name=\"_wpcf7_posted_data_hash\" value=\"\" \/>\n<\/fieldset>\n<p><span class=\"wpcf7-form-control-wrap\" data-name=\"your-subject\"><input size=\"40\" maxlength=\"400\" class=\"wpcf7-form-control wpcf7-text style-2\" aria-invalid=\"false\" placeholder=\"Tema\" value=\"\" type=\"text\" name=\"your-subject\" \/><\/span>\n<\/p>\n<p><span class=\"wpcf7-form-control-wrap\" data-name=\"your-name\"><input size=\"40\" maxlength=\"400\" class=\"wpcf7-form-control wpcf7-text wpcf7-validates-as-required style-2\" aria-required=\"true\" aria-invalid=\"false\" placeholder=\"Vardas\" value=\"\" type=\"text\" name=\"your-name\" \/><\/span>\n<\/p>\n<p><span class=\"wpcf7-form-control-wrap\" data-name=\"your-email\"><input size=\"40\" maxlength=\"400\" class=\"wpcf7-form-control wpcf7-email wpcf7-validates-as-required wpcf7-text wpcf7-validates-as-email style-2\" aria-required=\"true\" aria-invalid=\"false\" placeholder=\"El. pa\u0161tas\" value=\"\" type=\"email\" name=\"your-email\" \/><\/span>\n<\/p>\n<p><span class=\"wpcf7-form-control-wrap\" data-name=\"class:style-2\"><textarea cols=\"40\" rows=\"10\" maxlength=\"2000\" class=\"wpcf7-form-control wpcf7-textarea style-2\" aria-invalid=\"false\" placeholder=\"\u017dinut\u0117\" name=\"class:style-2\"><\/textarea><\/span>\n<\/p>\n<p><input class=\"wpcf7-form-control wpcf7-submit has-spinner btn-md\" type=\"submit\" value=\"Si\u0173sti\" \/>\n<\/p><div class=\"wpcf7-response-output\" aria-hidden=\"true\"><\/div>\n<input type=\"hidden\" name=\"trp-form-language\" value=\"en\"\/><\/form>\n<\/div>\n<\/div><\/div><\/div><\/div>\n<\/div>","protected":false},"excerpt":{"rendered":"OFISAS Garg\u017ed\u0173 daugiafunkcinis sporto ir pramog\u0173 centras Address Garg\u017edai, Klaip\u0117dos r. sav. Phone +370 (618) 61 848 Email Info@gargzdaibasketball.lt www.gargzdaibasketball.lt MEDIA Garg\u017ed\u0173 daugiafunkcinis sporto ir pramog\u0173 centras Address Garg\u017edai, Klaip\u0117dos r. sav. Email media@gargzdaibasketball.lt www.gargzdaibasketball.lt U\u017eklausos","protected":false},"author":1,"featured_media":0,"parent":0,"menu_order":0,"comment_status":"closed","ping_status":"closed","template":"","meta":{"footnotes":""},"class_list":["post-709","page","type-page","status-publish","hentry"],"_links":{"self":[{"href":"https:\/\/gargzdaibasketball.lt\/en\/wp-json\/wp\/v2\/pages\/709","targetHints":{"allow":["GET"]}}],"collection":[{"href":"https:\/\/gargzdaibasketball.lt\/en\/wp-json\/wp\/v2\/pages"}],"about":[{"href":"https:\/\/gargzdaibasketball.lt\/en\/wp-json\/wp\/v2\/types\/page"}],"author":[{"embeddable":true,"href":"https:\/\/gargzdaibasketball.lt\/en\/wp-json\/wp\/v2\/users\/1"}],"replies":[{"embeddable":true,"href":"https:\/\/gargzdaibasketball.lt\/en\/wp-json\/wp\/v2\/comments?post=709"}],"version-history":[{"count":9,"href":"https:\/\/gargzdaibasketball.lt\/en\/wp-json\/wp\/v2\/pages\/709\/revisions"}],"predecessor-version":[{"id":2932,"href":"https:\/\/gargzdaibasketball.lt\/en\/wp-json\/wp\/v2\/pages\/709\/revisions\/2932"}],"wp:attachment":[{"href":"https:\/\/gargzdaibasketball.lt\/en\/wp-json\/wp\/v2\/media?parent=709"}],"curies":[{"name":"wp","href":"https:\/\/api.w.org\/{rel}","templated":true}]}}