{"id":790,"date":"2016-05-12T10:54:33","date_gmt":"2016-05-12T10:54:33","guid":{"rendered":"http:\/\/splash.stylemixthemes.com\/demo\/?page_id=790"},"modified":"2025-07-22T22:37:23","modified_gmt":"2025-07-22T19:37:23","slug":"our-history","status":"publish","type":"page","link":"https:\/\/gargzdaibasketball.lt\/en\/our-history\/","title":{"rendered":"Our history"},"content":{"rendered":"<div class=\"wpb-content-wrapper\"><div class=\"vc_row wpb_row vc_row-fluid vc_custom_1463052281833\"><div class=\"wpb_column vc_column_container vc_col-sm-6\"><div class=\"vc_column-inner\"><div class=\"wpb_wrapper\">\n\t<div  class=\"wpb_single_image wpb_content_element vc_align_left wpb_content_element wpb_animate_when_almost_visible wpb_left-to-right left-to-right vc_custom_1555067098664\">\n\t\t\n\t\t<figure class=\"wpb_wrapper vc_figure\">\n\t\t\t<div class=\"vc_single_image-wrapper   vc_box_border_grey\"><img fetchpriority=\"high\" decoding=\"async\" width=\"1920\" height=\"1280\" src=\"https:\/\/gargzdaibasketball.lt\/wp-content\/uploads\/2019\/04\/placeholder.gif\" class=\"vc_single_image-img attachment-full\" alt=\"placeholder\" title=\"placeholder\" \/><\/div>\n\t\t<\/figure>\n\t<\/div>\n\n\t<div class=\"wpb_text_column wpb_content_element vc_custom_1526023466718\" >\n\t\t<div class=\"wpb_wrapper\">\n\t\t\t<h6>Basketball`s First Dynasty (1997-2002)<\/h6>\n\n\t\t<\/div>\n\t<\/div>\n\n\t<div class=\"wpb_text_column wpb_content_element vc_custom_1463051023300 stm-opacity-8\" >\n\t\t<div class=\"wpb_wrapper\">\n\t\t\t<p>Led by 26 points from tournament MVP Kyrie Irving (Cleveland Cavaliers) and 23 points from James Harden (Houston Rockets), the USA (9-0) saved its best performance of the World Cup for the gold medal clash as the Americans captured a second-consecutive<\/p>\n<p>Led by 26 points from tournament MVP Kyrie Irving (Cleveland Cavaliers) and 23 points from James Harden (Houston Rockets), the USA (9-0) saved its best performance of the World Cup for the gold medal clash as the Americans captured a second-consecutive FIBA World<\/p>\n<p>Cup gold medal with a blistering 129-92 win over Serbia (5-4) at the Palacio de os<\/p>\n\n\t\t<\/div>\n\t<\/div>\n\n\t<div  class=\"wpb_single_image wpb_content_element vc_align_left wpb_content_element wpb_animate_when_almost_visible wpb_left-to-right left-to-right vc_custom_1555067106684\">\n\t\t\n\t\t<figure class=\"wpb_wrapper vc_figure\">\n\t\t\t<div class=\"vc_single_image-wrapper   vc_box_border_grey\"><img fetchpriority=\"high\" decoding=\"async\" width=\"1920\" height=\"1280\" src=\"https:\/\/gargzdaibasketball.lt\/wp-content\/uploads\/2019\/04\/placeholder.gif\" class=\"vc_single_image-img attachment-full\" alt=\"placeholder\" title=\"placeholder\" \/><\/div>\n\t\t<\/figure>\n\t<\/div>\n\n\t<div class=\"wpb_text_column wpb_content_element vc_custom_1526023449456\" >\n\t\t<div class=\"wpb_wrapper\">\n\t\t\t<h6>Basketball`s First Dynasty (1997-2002)<\/h6>\n\n\t\t<\/div>\n\t<\/div>\n\n\t<div class=\"wpb_text_column wpb_content_element stm-opacity-8\" >\n\t\t<div class=\"wpb_wrapper\">\n\t\t\t<p>Led by 26 points from tournament MVP Kyrie Irving (Cleveland Cavaliers) and 23 points from James Harden (Houston Rockets), the USA (9-0) saved its best performance of the World Cup for the gold medal clash as the Americans captured a second-consecutive \u00a0tournament \u00a0FIBA World<\/p>\n<p>Cup gold medal with a blistering 129-92 win over Serbia (5-4) at the Palacio de os Deportes de la Comunidad arena on Sunday night in Madrid, Spain. The USA, which distanced itself from Serbia early in the game with a 28-6 run to close the first quarter<\/p>\n\n\t\t<\/div>\n\t<\/div>\n<\/div><\/div><\/div><div class=\"wpb_column vc_column_container vc_col-sm-6\"><div class=\"vc_column-inner\"><div class=\"wpb_wrapper\">\n\t<div class=\"wpb_text_column wpb_content_element vc_custom_1463051204135 stm-opacity-8\" >\n\t\t<div class=\"wpb_wrapper\">\n\t\t\t<p>Led by 26 points from tournament MVP Kyrie Irving (Cleveland Cavaliers) and 23 points from James Harden (Houston Rockets), the USA (9-0) saved its best performance of the World Cup for the gold medal clash as the Americans captured a second-consecutive. y 26 points from tournament MVP Kyrie Irving (Cleveland Cavaliers) and 23 points<\/p>\n<p>Led by 26 points from tournament MVP Kyrie Irving (Cleveland Cavaliers) and 23 points from James Harden (Houston Rockets), the USA (9-0) saved its best performance of the World Cup for the gold medal clash as the Americans captured a second-consecutive. y 26 points from tournament MVP Kyrie Irving (Cleveland Cavaliers) and 23 points<\/p>\n\n\t\t<\/div>\n\t<\/div>\n\n\t<div  class=\"wpb_single_image wpb_content_element vc_align_left wpb_content_element wpb_animate_when_almost_visible wpb_right-to-left right-to-left vc_custom_1555067102678\">\n\t\t\n\t\t<figure class=\"wpb_wrapper vc_figure\">\n\t\t\t<div class=\"vc_single_image-wrapper   vc_box_border_grey\"><img fetchpriority=\"high\" decoding=\"async\" width=\"1920\" height=\"1280\" src=\"https:\/\/gargzdaibasketball.lt\/wp-content\/uploads\/2019\/04\/placeholder.gif\" class=\"vc_single_image-img attachment-full\" alt=\"placeholder\" title=\"placeholder\" \/><\/div>\n\t\t<\/figure>\n\t<\/div>\n\n\t<div class=\"wpb_text_column wpb_content_element vc_custom_1526023458714\" >\n\t\t<div class=\"wpb_wrapper\">\n\t\t\t<h6>Basketball`s First Dynasty (1997-2002)<\/h6>\n\n\t\t<\/div>\n\t<\/div>\n\n\t<div class=\"wpb_text_column wpb_content_element vc_custom_1463051409875 stm-opacity-8\" >\n\t\t<div class=\"wpb_wrapper\">\n\t\t\t<p>James Harden (Houston Rockets), the USA (9-0) saved its best performance of the World Cup for the gold medal clash as the Americans captured a second-consecutive FIBA World<\/p>\n<p>The USA, which distanced itself from Serbia early in the game with a 28-6 run to close the first quarter, became just the third country in FIBA World Cup history to capture consecutive titles, and more crucial, the championship earned the USA an automatic bid into the 2016 Rio de Janeiro Olympic Games.<\/p>\n\n\t\t<\/div>\n\t<\/div>\n\n\t<div  class=\"wpb_single_image wpb_content_element vc_align_left wpb_content_element wpb_animate_when_almost_visible wpb_right-to-left right-to-left\">\n\t\t\n\t\t<figure class=\"wpb_wrapper vc_figure\">\n\t\t\t<div class=\"vc_single_image-wrapper   vc_box_border_grey\"><img fetchpriority=\"high\" decoding=\"async\" width=\"1920\" height=\"1280\" src=\"https:\/\/gargzdaibasketball.lt\/wp-content\/uploads\/2019\/04\/placeholder.gif\" class=\"vc_single_image-img attachment-full\" alt=\"placeholder\" title=\"placeholder\" \/><\/div>\n\t\t<\/figure>\n\t<\/div>\n<\/div><\/div><\/div><\/div><div data-vc-full-width=\"true\" data-vc-full-width-temp=\"true\" data-vc-full-width-init=\"false\" class=\"vc_row wpb_row vc_row-fluid vc_custom_1554738234797 vc_row-has-fill\"><div class=\"wpb_column vc_column_container vc_col-sm-12\"><div class=\"vc_column-inner\"><div class=\"wpb_wrapper\">\n\t<div class=\"stm-team-history\">\n\n\t\t\n\t\t\t<div class=\"stm-team-history-single\">\n\t\t\t\t\t\t\t\t\t<div class=\"clearfix\">\n\t\t\t\t\t\t<div class=\"year heading-font\">2024<\/div>\n\t\t\t\t\t\t<div class=\"stm-team-history-linked\"><span><\/span><\/div>\n\t\t\t\t\t\t<div class=\"stm-team-history-content\">\n\n\t\t\t\t\t\t\t\t\t\t\t\t\t\t\t<div class=\"title heading-font\">\u012ekurtas &quot;Garg\u017edai Basketball&quot; krep\u0161inio klubas<\/div>\n\t\t\t\t\t\t\t\n\t\t\t\t\t\t\t\t\t\t\t\t\t\t\t<div class=\"content\">Vietos verslininko, krep\u0161inio entuziasto Armino Linkausko bei Garg\u017ed\u0173 sporto centro iniciatyva \u012fkurtas krep\u0161inio klubas.<\/div>\n\t\t\t\t\t\t\t\n\t\t\t\t\t\t<\/div>\n\t\t\t\t\t<\/div>\n\t\t\t\t\t\t\t<\/div>\n\n\t\t\n\t\t\t<div class=\"stm-team-history-single\">\n\t\t\t\t\t\t\t\t\t<div class=\"clearfix\">\n\t\t\t\t\t\t<div class=\"year heading-font\">2025<\/div>\n\t\t\t\t\t\t<div class=\"stm-team-history-linked\"><span><\/span><\/div>\n\t\t\t\t\t\t<div class=\"stm-team-history-content\">\n\n\t\t\t\t\t\t\t\t\t\t\t\t\t\t\t<div class=\"title heading-font\">&quot;RKL-B&quot; \u010cEMPIONAI<\/div>\n\t\t\t\t\t\t\t\n\t\t\t\t\t\t\t\t\t\t\t\t\t\t\t<div class=\"content\">S\u0117kmingas pirmas sezonas atne\u0161\u0117 ir trof\u0117j\u0173 lygoje.<\/div>\n\t\t\t\t\t\t\t\n\t\t\t\t\t\t<\/div>\n\t\t\t\t\t<\/div>\n\t\t\t\t\t\t\t<\/div>\n\n\t\t\n\t\t\t<div class=\"stm-team-history-single\">\n\t\t\t\t\t\t\t\t\t<div class=\"clearfix\">\n\t\t\t\t\t\t<div class=\"year heading-font\">2025<\/div>\n\t\t\t\t\t\t<div class=\"stm-team-history-linked\"><span><\/span><\/div>\n\t\t\t\t\t\t<div class=\"stm-team-history-content\">\n\n\t\t\t\t\t\t\t\t\t\t\t\t\t\t\t<div class=\"title heading-font\">&quot;Garg\u017edai Basketball&quot; sezona prad\u0117s &quot;Betsafe-LKL&quot; pirmenyb\u0117se.<\/div>\n\t\t\t\t\t\t\t\n\t\t\t\t\t\t\t\t\t\t\t\t\t\t\t<div class=\"content\">\u017dengiame \u012f auk\u0161\u010diausia Lietuvos krep\u0161inio lyg\u012f. Su vizija bei didesniais tikslais ir u\u017esispyrimu, komanda ruo\u0161iasi debiutuoti auk\u0161\u010diausiame lygyje.<\/div>\n\t\t\t\t\t\t\t\n\t\t\t\t\t\t<\/div>\n\t\t\t\t\t<\/div>\n\t\t\t\t\t\t\t<\/div>\n\n\t\t\n\t<\/div>\n\n<\/div><\/div><\/div><\/div><div class=\"vc_row-full-width vc_clearfix\"><\/div><div data-vc-full-width=\"true\" data-vc-full-width-temp=\"true\" data-vc-full-width-init=\"false\" class=\"vc_row wpb_row vc_row-fluid vc_custom_1462188948406 vc_row-has-fill\"><div class=\"wpb_column vc_column_container vc_col-sm-12\"><div class=\"vc_column-inner vc_custom_1461760085996\"><div class=\"wpb_wrapper\"><\/div><\/div><\/div><\/div><div class=\"vc_row-full-width vc_clearfix\"><\/div>\n<\/div>","protected":false},"excerpt":{"rendered":"Basketball`s First Dynasty (1997-2002) Led by 26 points from tournament MVP Kyrie Irving (Cleveland Cavaliers) and 23 points from James Harden (Houston Rockets), the USA (9-0) saved its best performance of the World Cup for the gold medal clash as the Americans captured a second-consecutive Led by 26 points from tournament MVP Kyrie Irving (Cleveland...","protected":false},"author":1,"featured_media":0,"parent":0,"menu_order":0,"comment_status":"closed","ping_status":"closed","template":"","meta":{"footnotes":""},"class_list":["post-790","page","type-page","status-publish","hentry"],"_links":{"self":[{"href":"https:\/\/gargzdaibasketball.lt\/en\/wp-json\/wp\/v2\/pages\/790","targetHints":{"allow":["GET"]}}],"collection":[{"href":"https:\/\/gargzdaibasketball.lt\/en\/wp-json\/wp\/v2\/pages"}],"about":[{"href":"https:\/\/gargzdaibasketball.lt\/en\/wp-json\/wp\/v2\/types\/page"}],"author":[{"embeddable":true,"href":"https:\/\/gargzdaibasketball.lt\/en\/wp-json\/wp\/v2\/users\/1"}],"replies":[{"embeddable":true,"href":"https:\/\/gargzdaibasketball.lt\/en\/wp-json\/wp\/v2\/comments?post=790"}],"version-history":[{"count":1,"href":"https:\/\/gargzdaibasketball.lt\/en\/wp-json\/wp\/v2\/pages\/790\/revisions"}],"predecessor-version":[{"id":2717,"href":"https:\/\/gargzdaibasketball.lt\/en\/wp-json\/wp\/v2\/pages\/790\/revisions\/2717"}],"wp:attachment":[{"href":"https:\/\/gargzdaibasketball.lt\/en\/wp-json\/wp\/v2\/media?parent=790"}],"curies":[{"name":"wp","href":"https:\/\/api.w.org\/{rel}","templated":true}]}}